{"id":2985,"date":"2023-09-06T15:43:57","date_gmt":"2023-09-06T15:43:57","guid":{"rendered":"https:\/\/belapadelcenter.com\/nueva\/?page_id=2985"},"modified":"2023-09-06T15:44:08","modified_gmt":"2023-09-06T15:44:08","slug":"aviso-legal","status":"publish","type":"page","link":"https:\/\/belapadelcenter.com\/en\/aviso-legal\/","title":{"rendered":"Aviso legal"},"content":{"rendered":"<p><strong>AVISO LEGAL<\/strong><\/p>\n<p><strong>\u00a0<\/strong>El presente espacio web www.belapadelcenter.com (en adelante, \u201cEspacio Web\u201d) es un nombre de dominio registrado por BELA PADEL CENTER, SL con domicilio social en Barcelona, C\/ Iradier, 26 (08017) de Barcelona, y dispone de NIF B01796804 (en adelante, \u201cBELA PADEL CENTER\u201d).<\/p>\n<p>La finalidad del Espacio Web es proporcionar la informaci\u00f3n relativa a actividad de Bela Padel Center. Su acceso es gratuito, no estando prevista la prestaci\u00f3n de servicios de comercio y\/o contrataci\u00f3n electr\u00f3nica, en cuyo caso se proceder\u00e1 a la emisi\u00f3n de las condiciones generales oportunas y la modificaci\u00f3n del presente aviso legal. En todo caso, el usuario no utilizar\u00e1 las informaciones y contenidos de este Espacio Web para la realizaci\u00f3n de actividades contrarias a la Ley, la moral o el orden p\u00fablico, respetando las condiciones de uso establecidas por BELA PADEL CENTER.<\/p>\n<p>Responsabilidad.<\/p>\n<p>BELA PADEL CENTER no podr\u00e1 ser considerada responsable de los posibles da\u00f1os o perjuicios que se derivaren del mal funcionamiento de las redes telem\u00e1ticas que facilitan el acceso al presente Espacio Web, as\u00ed como tampoco de las posibles interrupciones de acceso, virus, conexiones y sistemas operativo de acceso a la red de Internet. As\u00ed mismo, BELA PADEL CENTER tampoco podr\u00e1 ser considerada responsable de los posibles da\u00f1os derivados de actuaciones il\u00edcitas e ileg\u00edtimas de terceros ajenos a BELA PADEL CENTER en la transmisi\u00f3n de datos a trav\u00e9s de las redes telem\u00e1ticas.<\/p>\n<p>Contenidos Web y enlaces a terceros<\/p>\n<p>La informaci\u00f3n contenida en el Espacio Web puede estar desactualizada, en cuyo caso BELA PADEL CENTER no ser\u00e1 responsable de los posibles da\u00f1os derivados de un uso externo y\/o por terceros de la informaci\u00f3n facilitada. Toda referencia a Espacios Web ajenos a BELA PADEL CENTER ser\u00e1 espec\u00edficamente indicado, junto con la direcci\u00f3n correspondiente.<\/p>\n<p>BELA PADEL CENTER se reserva el derecho a poder suspender temporalmente la accesibilidad al Espacio Web cuando sea necesario, sin necesidad de previo aviso y as\u00ed poder realizar las actuaciones de mantenimiento y actualizaci\u00f3n necesarias.<\/p>\n<p>Este Espacio Web contiene enlaces y\/o v\u00ednculos (links) a terceras p\u00e1ginas web externas, cuyo contenido no es atribuible ni exigible a BELA PADEL CENTER, siendo el responsable cada titular de los espacios web vinculados. El establecimiento de cualquier hiperenlace desde una p\u00e1gina Web al Espacio Web www.belapadelcenter.com deber\u00e1 realizarse siempre a la p\u00e1gina principal del Espacio Web, estando prohibida la reproducci\u00f3n total y\/o parcial de los servicios contenidos en este Espacio Web.<\/p>\n<p>Propiedad intelectual e industrial<\/p>\n<p>BELA PADEL CENTER es titular, sin car\u00e1cter limitativo, de los derechos de Propiedad Intelectual sobre el contenido, dise\u00f1o gr\u00e1fico, c\u00f3digos, fuentes, textos, im\u00e1genes, videos, marcas, logos o signos distintivos, y dispone de las autorizaciones y cesiones necesarias para su utilizaci\u00f3n. El acceso al Espacio Web de BELA PADEL CENTER no confiere al usuario ning\u00fan derecho de uso sobre los contenidos, marcas, logos, y\/o signos distintivos incluidos. Toda la informaci\u00f3n contenida en este Espacio Web, su dise\u00f1o gr\u00e1fico y el c\u00f3digo de lenguaje HTML, CSS, JAVA, JAVA Script o Active X constituye una obra cuya propiedad intelectual pertenece a BELA PADEL CENTER.<\/p>\n<p>Queda prohibida, en virtud de la normativa de aplicaci\u00f3n en relaci\u00f3n con la protecci\u00f3n de la Propiedad Intelectual e Industrial, propia o de terceros vinculados, la modificaci\u00f3n, copia, reproducci\u00f3n, descarga, transmisi\u00f3n y\/o distribuci\u00f3n sin la previa autorizaci\u00f3n expresa y por escrito de BELA PADEL CENTER. Cualquier vulneraci\u00f3n de dichos derechos dar\u00e1 lugar al inicio de cuantas actuaciones legales sean necesarias para su defensa.<\/p>\n<p>As\u00ed mismo, queda prohibido cualquier tipo de transmisi\u00f3n de datos realizada por el usuario del Espacio Web a trav\u00e9s del mismo, cuya actuaci\u00f3n sea realizada con el fin de infringir derechos propios o de terceros, o la realizaci\u00f3n de actuaciones ileg\u00edtimas con la transmisi\u00f3n de contenidos amenazantes o difamatorios, pornogr\u00e1fico, o cualquier otra informaci\u00f3n, dato y\/o material que constituya o incite una conducta que pueda ser considerada una ofensa penal, quedando BELA PADEL CENTER eximida de responsabilidad.<\/p>\n<p>Las marcas y nombres comerciales se encuentran debidamente inscritos en los correspondientes registros de marcas competentes. De tal forma que, queda prohibido el uso de cualquiera de los signos distintivos, marcas, nombres comerciales o cualquier otro elemento identificados de BELA PADEL CENTER sin el previo consentimiento expreso y por escrito de BELA PADEL CENTER.<\/p>\n<p>Derechos de imagen<\/p>\n<p>El Espacio Web dispone de multitud de documentos gr\u00e1ficos (principalmente fotogr\u00e1ficos) cuya \u00fanica finalidad es la de dar a conocer los eventos, intervenciones y\/o actuaciones de BELA PADEL CENTER. En ning\u00fan caso las im\u00e1genes podr\u00e1n ser utilizadas para otro fin que no sea el previsto en este aviso legal, en su pol\u00edtica de privacidad o por el propio titular, siendo necesario el consentimiento del titular de la imagen para su difusi\u00f3n fuera del espacio web, cuando as\u00ed lo prevea la normativa de aplicaci\u00f3n.<\/p>\n<p>Redes Sociales y R\u00e9gimen de Responsabilidad<\/p>\n<p>El Espacio Web dispone de accesos directos a redes sociales como Twitter, Facebook, YouTube\u2026entre otros. Dichos accesos son considerados utilidades del propio espacio web que BELA PADEL CENTER pone a disposici\u00f3n del usuario para facilitar su acceso a los contenidos, informaci\u00f3n, eventos y actuaciones en los que BELA PADEL CENTER participe, pudiendo acceder a un mayor n\u00famero de usuarios. BELA PADEL CENTER queda exenta de toda responsabilidad en relaci\u00f3n con opiniones y\/o comentarios vertidos por los usuarios en las redes sociales donde BELA PADEL CENTER dispone de espacios propios y que vulneren o puedan vulnerar derechos de terceros, no estando bajo el control directo de BELA PADEL CENTER.<\/p>\n<p>BELA PADEL CENTER queda exenta de toda responsabilidad que se derive del intercambio de informaci\u00f3n entre usuarios a trav\u00e9s de sus sitios Web. La responsabilidad de las manifestaciones difundidas en sus sitios Web corresponde a quienes las realizan.<\/p>\n<p>BELA PADEL CENTER no asume ning\u00fan tipo de responsabilidad por el contenido y\/o transmisiones de cualquier foro\/chat\/debate vinculadas a este espacio Web, cooperando con las autoridades judiciales, si as\u00ed se requiere, para la persecuci\u00f3n de cualquier vulneraci\u00f3n de derechos en las que se requiera la colaboraci\u00f3n de BELA PADEL CENTER. De igual forma, BELA PADEL CENTER no ser\u00e1 considerada responsable, en grado alguno de los comentarios, opiniones o informaciones vertidas en redes sociales u otros medios por parte de empleados y\/o colaboradores de BELA PADEL CENTER, que no hayan sido previamente autorizadas o reconocidas por BELA PADEL CENTER.<\/p>\n<p>BELA PADEL CENTER se reserva el derecho de, conforme a las normas establecidas en las diferentes redes sociales y la legislaci\u00f3n vigente, a moderar y\/o denunciar\/retirar cuantos comentarios pudieran resultar injuriosos, falsos o puedan da\u00f1ar la imagen de BELA PADEL CENTER y su actividad, suprimiendo o solicitando la retirada de los mismos, reserv\u00e1ndose la capacidad de emprender las acciones oportunas, incluidas las judiciales, en aras a salvaguardar su integridad, imagen y confianza de los usuarios en BELA PADEL CENTER y sus productos y servicios.<\/p>\n<p>Modificaci\u00f3n de los t\u00e9rminos y condiciones de uso<\/p>\n<p>Lo contenido en el presente aviso legal tiene una duraci\u00f3n indefinida, y podr\u00e1 ser modificado en cualquier momento en atenci\u00f3n a la normativa vigente en cada momento y a los cambios que pudieran surgir de la actividad de BELA PADEL CENTER y su equipo m\u00e9dico.<\/p>\n<p><strong>\u00a0<\/strong><\/p>\n<p><strong>Legislaci\u00f3n y jurisdicci\u00f3n aplicables<\/strong><\/p>\n<p>Lo contenido en el presente aviso legal y cualquiera de las pol\u00edticas de privacidad, cookies o normas sectoriales de aplicaci\u00f3n se rigen por las Leyes espa\u00f1olas vigentes en cada momento. En caso de disputa o controversia las partes se someter\u00e1n a la jurisdicci\u00f3n de los Juzgados y Tribunales de BARCELONA.<\/p>\n","protected":false},"excerpt":{"rendered":"<p>AVISO LEGAL \u00a0El presente espacio web www.belapadelcenter.com (en adelante, \u201cEspacio  [&#8230;]<\/p>\n","protected":false},"author":1,"featured_media":0,"parent":0,"menu_order":0,"comment_status":"closed","ping_status":"closed","template":"","meta":{"footnotes":""},"class_list":["post-2985","page","type-page","status-publish","hentry"],"_links":{"self":[{"href":"https:\/\/belapadelcenter.com\/en\/wp-json\/wp\/v2\/pages\/2985","targetHints":{"allow":["GET"]}}],"collection":[{"href":"https:\/\/belapadelcenter.com\/en\/wp-json\/wp\/v2\/pages"}],"about":[{"href":"https:\/\/belapadelcenter.com\/en\/wp-json\/wp\/v2\/types\/page"}],"author":[{"embeddable":true,"href":"https:\/\/belapadelcenter.com\/en\/wp-json\/wp\/v2\/users\/1"}],"replies":[{"embeddable":true,"href":"https:\/\/belapadelcenter.com\/en\/wp-json\/wp\/v2\/comments?post=2985"}],"version-history":[{"count":1,"href":"https:\/\/belapadelcenter.com\/en\/wp-json\/wp\/v2\/pages\/2985\/revisions"}],"predecessor-version":[{"id":2986,"href":"https:\/\/belapadelcenter.com\/en\/wp-json\/wp\/v2\/pages\/2985\/revisions\/2986"}],"wp:attachment":[{"href":"https:\/\/belapadelcenter.com\/en\/wp-json\/wp\/v2\/media?parent=2985"}],"curies":[{"name":"wp","href":"https:\/\/api.w.org\/{rel}","templated":true}]}}