{"id":2991,"date":"2023-09-06T15:45:00","date_gmt":"2023-09-06T15:45:00","guid":{"rendered":"https:\/\/belapadelcenter.com\/nueva\/politica-de-privacidad\/"},"modified":"2023-09-06T15:45:47","modified_gmt":"2023-09-06T15:45:47","slug":"politica-de-privacidad","status":"publish","type":"page","link":"https:\/\/belapadelcenter.com\/en\/politica-de-privacidad\/","title":{"rendered":"POLITICA DE PRIVACIDAD"},"content":{"rendered":"<pre><u>POLITICA DE PRIVACIDAD Y PROTECCI\u00d3N DE DATOS DEL SITIO WEB<\/u><\/pre>\n<p>www.belapadelcenter.com<\/p>\n<p>Esta pol\u00edtica de privacidad est\u00e1 adaptada a la normativa espa\u00f1ola y europea vigente en materia de protecci\u00f3n de datos personales en internet. En concreto, la misma respeta las siguientes normas:<\/p>\n<ul>\n<li>El Reglamento (UE) 2016\/679 del Parlamento Europeo y del Consejo, de 27 de abril de 2016, relativo a la protecci\u00f3n de las personas f\u00edsicas en lo que respecta al tratamiento de datos personales y a la libre circulaci\u00f3n de estos datos (RGPD).<\/li>\n<\/ul>\n<ul>\n<li>La Ley Org\u00e1nica 3\/2018, de 5 de diciembre, de Protecci\u00f3n de Datos personales y garant\u00eda de los derechos digitales (LOPD).<\/li>\n<\/ul>\n<ul>\n<li>El Real Decreto 1720\/2007, de 21 de diciembre, por el que se aprueba el Reglamento de desarrollo de la Ley Org\u00e1nica 15\/1999, de 13 de diciembre, de Protecci\u00f3n de Datos de Car\u00e1cter Personal (RDLOPD).<\/li>\n<\/ul>\n<ul>\n<li>La Ley 34\/2002, de 11 de julio, de Servicios de la Sociedad de la Informaci\u00f3n y de Comercio Electr\u00f3nico (LSSI-CE).<\/li>\n<\/ul>\n<p>En cumplimiento de la normativa expuesta, le informamos de que los datos solicitados en cuantos formularios y\/o espacios en los que se requiera de su identificaci\u00f3n, pasaran a formar parte del fichero \u201c<em>Usuarios Web<\/em>\u201d titularidad de BELA PADEL CENTER, SL., con domicilio en Calle Iradier, 26, 08017 de Barcelona, y provista de NIF B01796804, en adelante BELA PADEL CENTER.<\/p>\n<p>La finalidad del tratamiento es gestionar, administrar y prestar aquellos servicios solicitados por el usuario, as\u00ed como facilitar aquellos contenidos e informaciones requeridas y\/o relacionadas, comerciales o no, con el Espacio Web www.belapdelcenter.com. As\u00ed mismo, con los datos proporcionados, BELA PADEL CENTER podr\u00e1 remitir informaciones comerciales de los servicios, ofertas, trabajos e informaciones relacionadas con el Espacio Web. Los datos obligatorios de cada formulario ser\u00e1n identificados como tales. En caso de ausencia o incorrecci\u00f3n de los mismos BELA PADEL CENTER no podr\u00e1 prestarle ni facilitarle los servicios y\/o informaciones solicitadas.<\/p>\n<p>El usuario consiente el tratamiento de sus datos con las finalidades descritas. Podr\u00e1 ejercer sus derechos de acceso, rectificaci\u00f3n, cancelaci\u00f3n, oposici\u00f3n, limitaci\u00f3n del tratamiento y portabilidad de los datos mediante correo electr\u00f3nico a la direcci\u00f3n info.alicante@belapadelcenter.com identific\u00e1ndose como usuario, especificando el ejercicio de sus derechos en su solicitud, o bien ejercitar sus derechos por comunicaci\u00f3n postal, por correo ordinario a la direcci\u00f3n anteriormente indicada (domicilio social), aportando fotocopia del D.N.I. o documento equivalente.<\/p>\n<p>As\u00ed mismo, le informamos de que, en los supuestos de inscripci\u00f3n a circuitos patrocinados por terceros, sus datos, necesariamente ser\u00e1n cedidos a los patrocinadores y organizadores, cuando sean distintos de\u00a0<strong>BELA PADEL CENTER<\/strong>, con el fin de gestionar su participaci\u00f3n y el correcto desarrollo del evento. Para ello, y mediante la inscripci\u00f3n al evento, el usuario expresa su consentimiento a tal efecto. No obstante, para la inscripci\u00f3n de cada evento, el usuario, cuando acceda a la plataforma de inscripci\u00f3n ser\u00e1 informado debidamente de todos los extremos a nivel de protecci\u00f3n de datos y uso de sus datos personales, debiendo prestar su consentimiento en cada caso seg\u00fan la plataforma de inscripci\u00f3n.<\/p>\n<p><strong>Publicaci\u00f3n de datos en el espacio Web<\/strong><\/p>\n<p>Mediante la formalizaci\u00f3n de la inscripci\u00f3n del usuario en los diferentes circuitos deportivos organizados, gestionados y\/o patrocinados por\u00a0<strong>BELA PADEL CENTER<\/strong>, el usuario da su consentimiento expreso, mediante la aceptaci\u00f3n de la presente Pol\u00edtica de Privacidad, a que sus datos identificativos sean publicados en este Espacio Web para su consulta por los diferentes integrantes del circuito (Ranking), as\u00ed como cualquier imagen obtenida de la celebraci\u00f3n del mismo.<\/p>\n<p><strong><u>Per\u00edodos de retenci\u00f3n de los datos personales<\/u><\/strong><\/p>\n<p>Los datos personales solo ser\u00e1n retenidos durante el tiempo m\u00ednimo necesario para los fines de su tratamiento y, en todo caso, \u00fanicamente durante el siguiente plazo: 10 a\u00f1os o hasta que el Usuario solicite su supresi\u00f3n.<\/p>\n<p>En el momento en que se obtengan los datos personales, se informar\u00e1 al Usuario acerca del plazo durante en el cual se conservar\u00e1n los datos personales o, cuando eso no sea posible, los criterios utilizados para determinar este plazo.<\/p>\n<p><strong>Responsabilidades del usuario<\/strong><\/p>\n<p><strong>\u00a0<\/strong><\/p>\n<p>El usuario garantiza ser mayor de edad, disponiendo de la capacidad suficiente y el conocimiento necesario para utilizar el Espacio Web de\u00a0<strong>BELA PADEL CENTER<\/strong>\u00a0y su contenido, garantizando que la informaci\u00f3n que facilita en cada uno de los formularios en los que\u00a0<strong>BELA PADEL CENTER<\/strong>\u00a0solicita sus datos personales son exactos y veraces, adquiriendo la responsabilidad de informar a\u00a0<strong>BELA PADEL CENTER\u00a0<\/strong>de cualquier cambio y\/o modificaci\u00f3n de los mismos para su correcto tratamiento.<\/p>\n<p><strong>Medidas de Seguridad<\/strong><\/p>\n<p><strong>BELA PADEL CENTER<\/strong>\u00a0ha implantado las medidas de seguridad necesarias para garantizar un uso y tratamiento de los datos de car\u00e1cter personal facilitados por el usuario\u00a0 eficaz, salvaguardando la privacidad, confidencialidad e integridad de los mismos, cumpliendo con los requisitos normativos previstos en el RGPD, haciendo uso de los medios t\u00e9cnicos necesarios para evitar la alteraci\u00f3n, p\u00e9rdida, acceso no autorizado o tratamiento de sus datos, seg\u00fan el estado de la tecnolog\u00eda en cada momento, as\u00ed como el alcance de control de\u00a0<strong>BELA PADEL CENTER.<\/strong><\/p>\n<p><strong>BELA PADEL CENTER<\/strong>\u00a0podr\u00e1 modificar el contenido de su pol\u00edtica de privacidad en cualquier momento seg\u00fan las modificaciones legislativas, jurisprudenciales o de interpretaci\u00f3n de la Agencia Espa\u00f1ola de Protecci\u00f3n de Datos que puedan producirse.<\/p>\n","protected":false},"excerpt":{"rendered":"<p>POLITICA DE PRIVACIDAD Y PROTECCI\u00d3N DE DATOS DEL SITIO WEB  [&#8230;]<\/p>\n","protected":false},"author":1,"featured_media":0,"parent":0,"menu_order":0,"comment_status":"closed","ping_status":"closed","template":"","meta":{"footnotes":""},"class_list":["post-2991","page","type-page","status-publish","hentry"],"_links":{"self":[{"href":"https:\/\/belapadelcenter.com\/en\/wp-json\/wp\/v2\/pages\/2991","targetHints":{"allow":["GET"]}}],"collection":[{"href":"https:\/\/belapadelcenter.com\/en\/wp-json\/wp\/v2\/pages"}],"about":[{"href":"https:\/\/belapadelcenter.com\/en\/wp-json\/wp\/v2\/types\/page"}],"author":[{"embeddable":true,"href":"https:\/\/belapadelcenter.com\/en\/wp-json\/wp\/v2\/users\/1"}],"replies":[{"embeddable":true,"href":"https:\/\/belapadelcenter.com\/en\/wp-json\/wp\/v2\/comments?post=2991"}],"version-history":[{"count":1,"href":"https:\/\/belapadelcenter.com\/en\/wp-json\/wp\/v2\/pages\/2991\/revisions"}],"predecessor-version":[{"id":2992,"href":"https:\/\/belapadelcenter.com\/en\/wp-json\/wp\/v2\/pages\/2991\/revisions\/2992"}],"wp:attachment":[{"href":"https:\/\/belapadelcenter.com\/en\/wp-json\/wp\/v2\/media?parent=2991"}],"curies":[{"name":"wp","href":"https:\/\/api.w.org\/{rel}","templated":true}]}}