{"id":2993,"date":"2023-09-06T15:46:20","date_gmt":"2023-09-06T15:46:20","guid":{"rendered":"https:\/\/belapadelcenter.com\/nueva\/?page_id=2993"},"modified":"2023-09-06T15:48:58","modified_gmt":"2023-09-06T15:48:58","slug":"politica-de-cookies","status":"publish","type":"page","link":"https:\/\/belapadelcenter.com\/en\/politica-de-cookies\/","title":{"rendered":"Politica de cookies"},"content":{"rendered":"<p>AVISO LEGAL SOBRE COOKIES<\/p>\n<p><strong>\u00bfQu\u00e9 es una cookie?<\/strong><\/p>\n<p>Una cookie es una peque\u00f1a informaci\u00f3n enviada por un sitio web y almacenado en el navegador del usuario, permitiendo consultar la actividad previa del usuario. El objetivo principal es controlar los usuarios que acceden al portal as\u00ed como identificar cu\u00e1les han sido sus preferencias de navegaci\u00f3n, permitiendo su almacenamiento para su posterior consulta. Esta informaci\u00f3n es almacenada en el ordenador, en una Tablet o Smartphone del usuario, pudiendo actualizarlos y recuperarlos por el titular del espacio web.<\/p>\n<p>El contenido de una cookie puede incluir fecha y hora de visita al espacio web y la identificaci\u00f3n de los espacios visitados por el usuario en su navegaci\u00f3n.<\/p>\n<p><strong>Utilizaci\u00f3n<\/strong><\/p>\n<p><strong><a href=\"http:\/\/www.belapadelcenter.com\/\">www.Belapadelcenter.com<\/a>\u00a0<\/strong>hace uso de\u00a0<em>cookies,\u00a0<\/em>propias y de terceros, con el fin de poder prestarle un mejor servicio y atenci\u00f3n a trav\u00e9s de nuestro espacio web, as\u00ed como atender de forma eficaz los servicios demandados v\u00eda web, as\u00ed como obtener m\u00e1s informaci\u00f3n sobre sus preferencias, personalizando el espacio web seg\u00fan sus intereses, facilitando una navegaci\u00f3n eficaz y personalizada.<\/p>\n<p>Las cookies para almacenar y recuperar informaci\u00f3n sobre los h\u00e1bitos de navegaci\u00f3n del usuario o de su equipo y, dependiendo de la informaci\u00f3n que contengan y de la forma en que aqu\u00e9l utilice su equipo, pueden emplearse para reconocer al usuario, consiguiendo una mayor personalizaci\u00f3n y an\u00e1lisis sobre el comportamiento del mismo.<\/p>\n<p>En cumplimiento del Art. 22.2 de la Ley de Servicios de la Sociedad de la Informaci\u00f3n y del Comercio Electr\u00f3nico (LSSICE) y seg\u00fan la transposici\u00f3n de la Directiva Europea 2009\/136\/CE,\u00a0<strong>BELA PADEL CENTER<\/strong>\u00a0utiliza cookies propias y de terceros, y la mera navegaci\u00f3n en el sitio Web supone la aceptaci\u00f3n de su uso.<\/p>\n<p>As\u00ed mismo, lo relativo al uso de cookies por parte de\u00a0<strong>BELA PADEL CENTER<\/strong>\u00a0en su sitio Web, se ver\u00e1 complementado por los avisos informativos que\u00a0<strong>BELA PADEL CENTER<\/strong>\u00a0ponga a disposici\u00f3n de los usuarios en sus p\u00e1ginas de inicio, en relaci\u00f3n de aquella tipolog\u00eda de cookies que requieran de informaci\u00f3n al usuario y su consentimiento.<\/p>\n<p><strong>Tipolog\u00eda<\/strong><\/p>\n<p><strong><u>Cookies propias:\u00a0<\/u><\/strong>enviadas y gestionadas \u00fanicamente por\u00a0<strong>www.Belapadelcenter.com\u00a0<\/strong>\u00a0para una navegaci\u00f3n eficaz del usuario por el espacio web, y que se resumen en las siguientes:<\/p>\n<table>\n<tbody>\n<tr>\n<td width=\"115\"><strong>NOMBRE<\/strong><\/td>\n<td width=\"115\"><strong>VALOR<\/strong><\/td>\n<td width=\"115\"><strong>DOMINIO<\/strong><\/td>\n<td width=\"115\"><strong>TAMA\u00d1O<\/strong><\/td>\n<td width=\"115\"><strong>DURACI\u00d3N<\/strong><\/td>\n<\/tr>\n<tr>\n<td width=\"115\"><\/td>\n<td width=\"115\"><\/td>\n<td width=\"115\"><\/td>\n<td width=\"115\"><\/td>\n<td width=\"115\"><\/td>\n<\/tr>\n<tr>\n<td width=\"115\"><\/td>\n<td width=\"115\"><\/td>\n<td width=\"115\"><\/td>\n<td width=\"115\"><\/td>\n<td width=\"115\"><\/td>\n<\/tr>\n<tr>\n<td width=\"115\"><\/td>\n<td width=\"115\"><\/td>\n<td width=\"115\"><\/td>\n<td width=\"115\"><\/td>\n<td width=\"115\"><\/td>\n<\/tr>\n<tr>\n<td width=\"115\"><\/td>\n<td width=\"115\"><\/td>\n<td width=\"115\"><\/td>\n<td width=\"115\"><\/td>\n<td width=\"115\"><\/td>\n<\/tr>\n<tr>\n<td width=\"115\"><\/td>\n<td width=\"115\"><\/td>\n<td width=\"115\"><\/td>\n<td width=\"115\"><\/td>\n<td width=\"115\"><\/td>\n<\/tr>\n<\/tbody>\n<\/table>\n<p><strong><u>\u00a0<\/u><\/strong><\/p>\n<p><strong><u>Cookies de terceros<\/u><\/strong>: Aquellas enviadas por otra entidad colaboradora, principalmente procedentes de buscadores como Google. Google Analytics tambi\u00e9n utiliza cookies, que son archivos de texto ubicados en su ordenador, para ayudar al espacio web a analizar el uso que hacen los usuarios del sitio web. La informaci\u00f3n que genera la cookie acerca de su uso del espacio web (incluyendo su direcci\u00f3n IP) ser\u00e1 directamente transmitida y archivada por Google en los servidores de Estados Unidos. Google usar\u00e1 esta informaci\u00f3n, por cuenta nuestra, con el prop\u00f3sito de seguir la pista de su uso del espacio web, recopilando informes de la actividad del espacio web y prestando otros servicios relacionados con la actividad del espacio web y el uso de Internet, cuya informaci\u00f3n y descripci\u00f3n podr\u00e1 obtener mediante el siguiente enlace\u00a0<a href=\"https:\/\/developers.google.com\/analytics\/devguides\/collection\/analyticsjs\/cookie-usage\">https:\/\/developers.google.com\/analytics\/devguides\/collection\/analyticsjs\/cookie-usage<\/a><\/p>\n<p>Al utilizar este espacio web el usuario consiente el tratamiento de su informaci\u00f3n por Google en la forma y para los fines anteriormente indicados.<\/p>\n<p>Informamos que, para solicitar la cancelaci\u00f3n de los posibles tratamientos de datos llevados a cabo por Google, deber\u00e1 dirigirse a dicha compa\u00f1\u00eda. Este espacio web no tiene la capacidad t\u00e9cnica ni legal, para proceder al cese en el tratamiento de datos fuera del \u00e1mbito delimitado por los ficheros y medios t\u00e9cnicos de su titularidad, quedando exenta de cualquier responsabilidad derivada del uso de cookies de terceros.<\/p>\n<p><strong>Configurar o deshabilitar\u00a0<em>cookies.<\/em><\/strong><\/p>\n<p>La configuraci\u00f3n de las cookies en los navegadores se realiza en las opciones de privacidad de cada uno de ellos. Para ello puede seguir las instrucciones que especifica cada navegador: Chrome, Firefox, Explorer, Safari. La Tienda no se responsabiliza de que la desactivaci\u00f3n de la generaci\u00f3n de cookies por parte del usuario, impida el buen funcionamiento del sitio Web.<\/p>\n<p>En caso de que el usuario quiera restringir o bloquear las cookies, podr\u00e1 hacerlo mediante el acceso a la configuraci\u00f3n del navegador que utilice, modific\u00e1ndolas desde el propio equipo. Los diferentes navegadores facilitan las siguientes opciones de configuraci\u00f3n respecto a las cookies:<\/p>\n<p><strong>\u2013 Internet Explorer<\/strong>:\u00a0<a href=\"http:\/\/windows.microsoft.com\/is-IS\/windows7\/How-to-manage-cookies-in-Internet-Explorer-9\">http:\/\/windows.microsoft.com\/is-IS\/windows7\/How-to-manage-cookies-in-Internet-Explorer-9<\/a><\/p>\n<p><strong>\u2013 Firefox<\/strong><strong>:\u00a0<\/strong><a href=\"http:\/\/support.mozilla.org\/en-US\/kb\/Cookies\">http:\/\/support.mozilla.org\/en-US\/kb\/Cookies<\/a><\/p>\n<p><strong>\u2013 Chrome:\u00a0<\/strong><a href=\"http:\/\/support.google.com\/chrome\/bin\/answer.py?hl=en&amp;answer=95647\">http:\/\/support.google.com\/chrome\/bin\/answer.py?hl=en&amp;answer=95647<\/a><\/p>\n<p>\u2013<strong>\u00a0Safari:\u00a0<\/strong><a href=\"http:\/\/support.apple.com\/kb\/PH5042\">http:\/\/support.apple.com\/kb\/PH5042<\/a>\u00a0(y para iOS \u2013\u00a0<a href=\"http:\/\/support.apple.com\/kb\/HT1677\">http:\/\/support.apple.com\/kb\/HT1677<\/a>)<\/p>\n<p>As\u00ed mismo, el usuario debe conocer que la deshabilitaci\u00f3n o restricci\u00f3n del uso de cookies puede afectar a la navegaci\u00f3n y acceso a los diferentes contenidos del espacio web, as\u00ed como la habilitaci\u00f3n de algunas funcionalidades.<\/p>\n","protected":false},"excerpt":{"rendered":"<p>AVISO LEGAL SOBRE COOKIES \u00bfQu\u00e9 es una cookie? Una cookie  [&#8230;]<\/p>\n","protected":false},"author":1,"featured_media":0,"parent":0,"menu_order":0,"comment_status":"closed","ping_status":"closed","template":"","meta":{"footnotes":""},"class_list":["post-2993","page","type-page","status-publish","hentry"],"_links":{"self":[{"href":"https:\/\/belapadelcenter.com\/en\/wp-json\/wp\/v2\/pages\/2993","targetHints":{"allow":["GET"]}}],"collection":[{"href":"https:\/\/belapadelcenter.com\/en\/wp-json\/wp\/v2\/pages"}],"about":[{"href":"https:\/\/belapadelcenter.com\/en\/wp-json\/wp\/v2\/types\/page"}],"author":[{"embeddable":true,"href":"https:\/\/belapadelcenter.com\/en\/wp-json\/wp\/v2\/users\/1"}],"replies":[{"embeddable":true,"href":"https:\/\/belapadelcenter.com\/en\/wp-json\/wp\/v2\/comments?post=2993"}],"version-history":[{"count":1,"href":"https:\/\/belapadelcenter.com\/en\/wp-json\/wp\/v2\/pages\/2993\/revisions"}],"predecessor-version":[{"id":2994,"href":"https:\/\/belapadelcenter.com\/en\/wp-json\/wp\/v2\/pages\/2993\/revisions\/2994"}],"wp:attachment":[{"href":"https:\/\/belapadelcenter.com\/en\/wp-json\/wp\/v2\/media?parent=2993"}],"curies":[{"name":"wp","href":"https:\/\/api.w.org\/{rel}","templated":true}]}}